{"id":543,"date":"2026-02-17T17:28:41","date_gmt":"2026-02-17T15:28:41","guid":{"rendered":"https:\/\/geocenter.fi\/?page_id=543"},"modified":"2026-02-17T17:28:41","modified_gmt":"2026-02-17T15:28:41","slug":"huolto","status":"publish","type":"page","link":"https:\/\/geocenter.fi\/en\/huolto\/","title":{"rendered":"MAINTENANCE"},"content":{"rendered":"<style>.kb-row-layout-id543_d4d9ba-17 > .kt-row-column-wrap{align-content:start;}:where(.kb-row-layout-id543_d4d9ba-17 > .kt-row-column-wrap) > .wp-block-kadence-column{justify-content:start;}.kb-row-layout-id543_d4d9ba-17 > .kt-row-column-wrap{column-gap:var(--global-kb-gap-md, 2rem);row-gap:var(--global-kb-gap-md, 2rem);padding-top:var(--global-kb-spacing-sm, 1.5rem);padding-bottom:var(--global-kb-spacing-sm, 1.5rem);grid-template-columns:minmax(0, 2fr) minmax(0, 1fr);}.kb-row-layout-id543_d4d9ba-17 > .kt-row-layout-overlay{opacity:0.30;}@media all and (max-width: 1024px){.kb-row-layout-id543_d4d9ba-17 > .kt-row-column-wrap{grid-template-columns:minmax(0, 2fr) minmax(0, 1fr);}}@media all and (max-width: 767px){.kb-row-layout-id543_d4d9ba-17 > .kt-row-column-wrap{grid-template-columns:minmax(0, 1fr);}}<\/style><div class=\"kb-row-layout-wrap kb-row-layout-id543_d4d9ba-17 alignnone wp-block-kadence-rowlayout\"><div class=\"kt-row-column-wrap kt-has-2-columns kt-row-layout-left-golden kt-tab-layout-inherit kt-mobile-layout-row kt-row-valign-top\">\n<style>.kadence-column543_d41c96-67 > .kt-inside-inner-col,.kadence-column543_d41c96-67 > .kt-inside-inner-col:before{border-top-left-radius:0px;border-top-right-radius:0px;border-bottom-right-radius:0px;border-bottom-left-radius:0px;}.kadence-column543_d41c96-67 > .kt-inside-inner-col{column-gap:var(--global-kb-gap-sm, 1rem);}.kadence-column543_d41c96-67 > .kt-inside-inner-col{flex-direction:column;}.kadence-column543_d41c96-67 > .kt-inside-inner-col > .aligncenter{width:100%;}.kadence-column543_d41c96-67 > .kt-inside-inner-col:before{opacity:0.3;}.kadence-column543_d41c96-67{position:relative;}@media all and (max-width: 1024px){.kadence-column543_d41c96-67 > .kt-inside-inner-col{flex-direction:column;justify-content:center;}}@media all and (max-width: 767px){.kadence-column543_d41c96-67 > .kt-inside-inner-col{flex-direction:column;justify-content:center;}}<\/style>\n<div class=\"wp-block-kadence-column kadence-column543_d41c96-67\"><div class=\"kt-inside-inner-col\"><style>.wp-block-kadence-advancedheading.kt-adv-heading543_101bda-97, .wp-block-kadence-advancedheading.kt-adv-heading543_101bda-97[data-kb-block=\"kb-adv-heading543_101bda-97\"]{font-style:normal;}.wp-block-kadence-advancedheading.kt-adv-heading543_101bda-97 mark.kt-highlight, .wp-block-kadence-advancedheading.kt-adv-heading543_101bda-97[data-kb-block=\"kb-adv-heading543_101bda-97\"] mark.kt-highlight{font-style:normal;color:#f76a0c;-webkit-box-decoration-break:clone;box-decoration-break:clone;padding-top:0px;padding-right:0px;padding-bottom:0px;padding-left:0px;}.wp-block-kadence-advancedheading.kt-adv-heading543_101bda-97 img.kb-inline-image, .wp-block-kadence-advancedheading.kt-adv-heading543_101bda-97[data-kb-block=\"kb-adv-heading543_101bda-97\"] img.kb-inline-image{width:150px;vertical-align:baseline;}<\/style>\n<h2 class=\"kt-adv-heading543_101bda-97 wp-block-kadence-advancedheading\" data-kb-block=\"kb-adv-heading543_101bda-97\">Huolto ja ongelmatilanteet<\/h2>\n<\/div><\/div>\n\n\n<style>.kadence-column543_421b21-fb > .kt-inside-inner-col,.kadence-column543_421b21-fb > .kt-inside-inner-col:before{border-top-left-radius:0px;border-top-right-radius:0px;border-bottom-right-radius:0px;border-bottom-left-radius:0px;}.kadence-column543_421b21-fb > .kt-inside-inner-col{column-gap:var(--global-kb-gap-sm, 1rem);}.kadence-column543_421b21-fb > .kt-inside-inner-col{flex-direction:column;}.kadence-column543_421b21-fb > .kt-inside-inner-col > .aligncenter{width:100%;}.kadence-column543_421b21-fb > .kt-inside-inner-col:before{opacity:0.3;}.kadence-column543_421b21-fb{position:relative;}@media all and (max-width: 1024px){.kadence-column543_421b21-fb > .kt-inside-inner-col{flex-direction:column;justify-content:center;}}@media all and (max-width: 767px){.kadence-column543_421b21-fb > .kt-inside-inner-col{flex-direction:column;justify-content:center;}}<\/style>\n<div class=\"wp-block-kadence-column kadence-column543_421b21-fb\"><div class=\"kt-inside-inner-col\"><style>.wp-block-kadence-advancedheading.kt-adv-heading543_d92c2f-da, .wp-block-kadence-advancedheading.kt-adv-heading543_d92c2f-da[data-kb-block=\"kb-adv-heading543_d92c2f-da\"]{font-style:normal;}.wp-block-kadence-advancedheading.kt-adv-heading543_d92c2f-da mark.kt-highlight, .wp-block-kadence-advancedheading.kt-adv-heading543_d92c2f-da[data-kb-block=\"kb-adv-heading543_d92c2f-da\"] mark.kt-highlight{font-style:normal;color:#f76a0c;-webkit-box-decoration-break:clone;box-decoration-break:clone;padding-top:0px;padding-right:0px;padding-bottom:0px;padding-left:0px;}.wp-block-kadence-advancedheading.kt-adv-heading543_d92c2f-da img.kb-inline-image, .wp-block-kadence-advancedheading.kt-adv-heading543_d92c2f-da[data-kb-block=\"kb-adv-heading543_d92c2f-da\"] img.kb-inline-image{width:150px;vertical-align:baseline;}<\/style>\n<h2 class=\"kt-adv-heading543_d92c2f-da wp-block-kadence-advancedheading\" data-kb-block=\"kb-adv-heading543_d92c2f-da\">Toimintaohjeet<\/h2>\n<\/div><\/div>\n\n<\/div><\/div>\n\n<style>.kb-row-layout-id543_6efb81-07 > .kt-row-column-wrap{align-content:start;}:where(.kb-row-layout-id543_6efb81-07 > .kt-row-column-wrap) > .wp-block-kadence-column{justify-content:start;}.kb-row-layout-id543_6efb81-07 > .kt-row-column-wrap{column-gap:var(--global-kb-gap-md, 2rem);row-gap:var(--global-kb-gap-md, 2rem);padding-top:var(--global-kb-spacing-sm, 1.5rem);padding-bottom:var(--global-kb-spacing-sm, 1.5rem);grid-template-columns:minmax(0, 2fr) minmax(0, 1fr);}.kb-row-layout-id543_6efb81-07 > .kt-row-layout-overlay{opacity:0.30;}@media all and (max-width: 1024px){.kb-row-layout-id543_6efb81-07 > .kt-row-column-wrap{grid-template-columns:minmax(0, 2fr) minmax(0, 1fr);}}@media all and (max-width: 767px){.kb-row-layout-id543_6efb81-07 > .kt-row-column-wrap{grid-template-columns:minmax(0, 1fr);}}<\/style><div class=\"kb-row-layout-wrap kb-row-layout-id543_6efb81-07 alignnone wp-block-kadence-rowlayout\"><div class=\"kt-row-column-wrap kt-has-2-columns kt-row-layout-left-golden kt-tab-layout-inherit kt-mobile-layout-row kt-row-valign-top\">\n<style>.kadence-column543_d303a4-1f > .kt-inside-inner-col,.kadence-column543_d303a4-1f > .kt-inside-inner-col:before{border-top-left-radius:0px;border-top-right-radius:0px;border-bottom-right-radius:0px;border-bottom-left-radius:0px;}.kadence-column543_d303a4-1f > .kt-inside-inner-col{column-gap:var(--global-kb-gap-sm, 1rem);}.kadence-column543_d303a4-1f > .kt-inside-inner-col{flex-direction:column;}.kadence-column543_d303a4-1f > .kt-inside-inner-col > .aligncenter{width:100%;}.kadence-column543_d303a4-1f > .kt-inside-inner-col:before{opacity:0.3;}.kadence-column543_d303a4-1f{position:relative;}@media all and (max-width: 1024px){.kadence-column543_d303a4-1f > .kt-inside-inner-col{flex-direction:column;justify-content:center;}}@media all and (max-width: 767px){.kadence-column543_d303a4-1f > .kt-inside-inner-col{flex-direction:column;justify-content:center;}}<\/style>\n<div class=\"wp-block-kadence-column kadence-column543_d303a4-1f\"><div class=\"kt-inside-inner-col\">\n<p class=\"has--font-size\">Maahantuojana huolehdimme my\u00f6s myymiemme laitteiden huollon j\u00e4rjest\u00e4misest\u00e4. Ota siis yhteytt\u00e4 kun meilt\u00e4 ostamasi mittauslaite on huollon tarpeessa.<\/p>\n\n\n\n<p><em>Olemme ainoa auktorisoitu it\u00e4valtaltalaisen RIEGL Laser Measurement Systemin maahantuoja Suomessa, Virossa<\/em> ja Ruotsissa. N\u00e4in ollen ollen ole meihin yhteydess\u00e4 ongelmatilanteissa ja halutessasi l\u00e4hett\u00e4\u00e4 skannerisi m\u00e4\u00e4r\u00e4aikaishuoltoon. Jokaisen laitteen mukana tulleessa ohjekirjassa kerrotaan suositus kyseisen mallin huoltov\u00e4lille ja useissa malleissa ilmoitus huoltov\u00e4lin t\u00e4yttymisest\u00e4 ilmestyy my\u00f6s skannerin n\u00e4yt\u00f6lle.<\/p>\n\n\n\n<p>Ongelmatilanteissa monet viat voidaan useimmiten m\u00e4\u00e4ritt\u00e4\u00e4 ja korjata et\u00e4n\u00e4. Voit my\u00f6s toimittaa skannerin meille, jos haluat meid\u00e4n tekev\u00e4n korjaukset. Jos skanneri on vahingoittunut fyysisesti tai jokin sis\u00e4inen komponentti on hajonnut, niin korjaukset tehd\u00e4\u00e4n aina valmistaja huollossa It\u00e4vallassa. T\u00e4m\u00e4 johtuu siit\u00e4, ett\u00e4 korjauksen j\u00e4lkeen skanneri on kalibroitava uudestaan. Korjauksen yhteydess\u00e4 vialliset osat vaihdetaan, skanneria kalibroidaan sis\u00e4- ja ulkokalibrointikentill\u00e4 ja testataan painekammiossa eri l\u00e4mp\u00f6tiloissa. Lentokoneesta\/dronesta laserskannaaviin j\u00e4rjestelmiin on lis\u00e4ksi teht\u00e4v\u00e4 j\u00e4rjestelm\u00e4kalibrointi liikkuvalla ilma-alustalla.<\/p>\n\n\n\n<p class=\"has--font-size\">RIEGL pyrkii valmistamaan skannerinsa niin lujiksi, ettei niit\u00e4 tarvitsi huoltaa eik\u00e4 kalibroida usein. Vuodesta 2008 alkaneen kokemuksemme perusteella laitteiden sis\u00e4inen kalibrointi kest\u00e4\u00e4 normaalik\u00e4yt\u00f6ss\u00e4 pitk\u00e4\u00e4n. Laitteiden sis\u00e4inen kalibrointi tehd\u00e4\u00e4n ainoastaan tehtaalla, joten mit\u00e4\u00e4n erillisi\u00e4 kentt\u00e4kalibrointeja ei tarvita.<\/p>\n<\/div><\/div>\n\n\n<style>.kadence-column543_6b8622-6d > .kt-inside-inner-col,.kadence-column543_6b8622-6d > .kt-inside-inner-col:before{border-top-left-radius:0px;border-top-right-radius:0px;border-bottom-right-radius:0px;border-bottom-left-radius:0px;}.kadence-column543_6b8622-6d > .kt-inside-inner-col{column-gap:var(--global-kb-gap-sm, 1rem);}.kadence-column543_6b8622-6d > .kt-inside-inner-col{flex-direction:column;}.kadence-column543_6b8622-6d > .kt-inside-inner-col > .aligncenter{width:100%;}.kadence-column543_6b8622-6d > .kt-inside-inner-col:before{opacity:0.3;}.kadence-column543_6b8622-6d{position:relative;}@media all and (max-width: 1024px){.kadence-column543_6b8622-6d > .kt-inside-inner-col{flex-direction:column;justify-content:center;}}@media all and (max-width: 767px){.kadence-column543_6b8622-6d > .kt-inside-inner-col{flex-direction:column;justify-content:center;}}<\/style>\n<div class=\"wp-block-kadence-column kadence-column543_6b8622-6d\"><div class=\"kt-inside-inner-col\">\n<p class=\"has--font-size\">1 Ved\u00e4 syv\u00e4\u00e4n henke\u00e4 ja dokumentoi vikak\u00e4ytt\u00e4ytyminen. Voit ensimm\u00e4iseksi k\u00e4ynnist\u00e4\u00e4 laitteen uudelleen ja tarkkailla poistuiko vai jatkuuko ongelma.<\/p>\n\n\n\n<p>2 Ole y<a href=\"https:\/\/geocenter.fi\/yhteystiedot-2\/\" data-type=\"page\" data-id=\"536\">hteydess\u00e4 meihin<\/a> ja kerro mist\u00e4 laitteesta on kyse, laitteen sarjanumero ja kuvaile ongelma. Tarpeen mukaan kysymme lis\u00e4tietoja, laitteen sis\u00e4isi\u00e4 lokitiedostoja yms. Huomaa, ett\u00e4 laitteiden sis\u00e4isiss\u00e4 tiedostoissa on my\u00f6s toimintaohjeet ongelmatilojen raportointiin.<\/p>\n\n\n\n<p><strong>Muista, ett\u00e4 vaikka olet itse tapahtumien keskell\u00e4, tuki tarvitsee taustatiedot tapahtuneesta ongelman ratkaisemiseksi.<\/strong><\/p>\n<\/div><\/div>\n\n<\/div><\/div>\n\n<style>.kb-row-layout-id543_bddc2b-ce > .kt-row-column-wrap{align-content:start;}:where(.kb-row-layout-id543_bddc2b-ce > .kt-row-column-wrap) > .wp-block-kadence-column{justify-content:start;}.kb-row-layout-id543_bddc2b-ce > .kt-row-column-wrap{column-gap:var(--global-kb-gap-md, 2rem);row-gap:var(--global-kb-gap-md, 2rem);padding-top:var(--global-kb-spacing-sm, 1.5rem);padding-bottom:var(--global-kb-spacing-sm, 1.5rem);}.kb-row-layout-id543_bddc2b-ce > .kt-row-column-wrap > div:not(.added-for-specificity){grid-column:initial;}.kb-row-layout-id543_bddc2b-ce > .kt-row-column-wrap{grid-template-columns:repeat(3, minmax(0, 1fr));}.kb-row-layout-id543_bddc2b-ce > .kt-row-layout-overlay{opacity:0.30;}@media all and (max-width: 1024px){.kb-row-layout-id543_bddc2b-ce > .kt-row-column-wrap > div:not(.added-for-specificity){grid-column:initial;}}@media all and (max-width: 1024px){.kb-row-layout-id543_bddc2b-ce > .kt-row-column-wrap{grid-template-columns:repeat(3, minmax(0, 1fr));}}@media all and (max-width: 767px){.kb-row-layout-id543_bddc2b-ce > .kt-row-column-wrap > div:not(.added-for-specificity){grid-column:initial;}.kb-row-layout-id543_bddc2b-ce > .kt-row-column-wrap{grid-template-columns:minmax(0, 1fr);}}<\/style><div class=\"kb-row-layout-wrap kb-row-layout-id543_bddc2b-ce alignnone wp-block-kadence-rowlayout\"><div class=\"kt-row-column-wrap kt-has-3-columns kt-row-layout-equal kt-tab-layout-inherit kt-mobile-layout-row kt-row-valign-top\">\n<style>.kadence-column543_d0a57d-27 > .kt-inside-inner-col,.kadence-column543_d0a57d-27 > .kt-inside-inner-col:before{border-top-left-radius:0px;border-top-right-radius:0px;border-bottom-right-radius:0px;border-bottom-left-radius:0px;}.kadence-column543_d0a57d-27 > .kt-inside-inner-col{column-gap:var(--global-kb-gap-sm, 1rem);}.kadence-column543_d0a57d-27 > .kt-inside-inner-col{flex-direction:column;}.kadence-column543_d0a57d-27 > .kt-inside-inner-col > .aligncenter{width:100%;}.kadence-column543_d0a57d-27 > .kt-inside-inner-col:before{opacity:0.3;}.kadence-column543_d0a57d-27{position:relative;}@media all and (max-width: 1024px){.kadence-column543_d0a57d-27 > .kt-inside-inner-col{flex-direction:column;justify-content:center;}}@media all and (max-width: 767px){.kadence-column543_d0a57d-27 > .kt-inside-inner-col{flex-direction:column;justify-content:center;}}<\/style>\n<div class=\"wp-block-kadence-column kadence-column543_d0a57d-27\"><div class=\"kt-inside-inner-col\"><\/div><\/div>\n\n\n<style>.kadence-column543_2245eb-40 > .kt-inside-inner-col,.kadence-column543_2245eb-40 > .kt-inside-inner-col:before{border-top-left-radius:0px;border-top-right-radius:0px;border-bottom-right-radius:0px;border-bottom-left-radius:0px;}.kadence-column543_2245eb-40 > .kt-inside-inner-col{column-gap:var(--global-kb-gap-sm, 1rem);}.kadence-column543_2245eb-40 > .kt-inside-inner-col{flex-direction:column;}.kadence-column543_2245eb-40 > .kt-inside-inner-col > .aligncenter{width:100%;}.kadence-column543_2245eb-40 > .kt-inside-inner-col:before{opacity:0.3;}.kadence-column543_2245eb-40{position:relative;}@media all and (max-width: 1024px){.kadence-column543_2245eb-40 > .kt-inside-inner-col{flex-direction:column;justify-content:center;}}@media all and (max-width: 767px){.kadence-column543_2245eb-40 > .kt-inside-inner-col{flex-direction:column;justify-content:center;}}<\/style>\n<div class=\"wp-block-kadence-column kadence-column543_2245eb-40\"><div class=\"kt-inside-inner-col\"><style>.wp-block-kadence-advancedbtn.kb-btns543_38f66a-b1{gap:var(--global-kb-gap-xs, 0.5rem );justify-content:center;align-items:center;}.kt-btns543_38f66a-b1 .kt-button{font-weight:normal;font-style:normal;}.kt-btns543_38f66a-b1 .kt-btn-wrap-0{margin-right:5px;}.wp-block-kadence-advancedbtn.kt-btns543_38f66a-b1 .kt-btn-wrap-0 .kt-button{color:#555555;border-color:#555555;}.wp-block-kadence-advancedbtn.kt-btns543_38f66a-b1 .kt-btn-wrap-0 .kt-button:hover, .wp-block-kadence-advancedbtn.kt-btns543_38f66a-b1 .kt-btn-wrap-0 .kt-button:focus{color:#ffffff;border-color:#444444;}.wp-block-kadence-advancedbtn.kt-btns543_38f66a-b1 .kt-btn-wrap-0 .kt-button::before{display:none;}.wp-block-kadence-advancedbtn.kt-btns543_38f66a-b1 .kt-btn-wrap-0 .kt-button:hover, .wp-block-kadence-advancedbtn.kt-btns543_38f66a-b1 .kt-btn-wrap-0 .kt-button:focus{background:#444444;}<\/style>\n<div class=\"wp-block-kadence-advancedbtn kb-buttons-wrap kb-btns543_38f66a-b1\"><style>ul.menu .wp-block-kadence-advancedbtn .kb-btn543_5bbd0e-7b.kb-button{width:initial;}<\/style><a class=\"kb-button kt-button button kb-btn543_5bbd0e-7b kt-btn-size-standard kt-btn-width-type-auto kb-btn-global-fill  kt-btn-has-text-true kt-btn-has-svg-false  wp-block-kadence-singlebtn\" href=\"https:\/\/geocenter.fi\/yhteystiedot-2\/\"><span class=\"kt-btn-inner-text\">OTA YHTEYTT\u00c4<\/span><\/a><\/div>\n<\/div><\/div>\n\n\n<style>.kadence-column543_a6292c-0c > .kt-inside-inner-col,.kadence-column543_a6292c-0c > .kt-inside-inner-col:before{border-top-left-radius:0px;border-top-right-radius:0px;border-bottom-right-radius:0px;border-bottom-left-radius:0px;}.kadence-column543_a6292c-0c > .kt-inside-inner-col{column-gap:var(--global-kb-gap-sm, 1rem);}.kadence-column543_a6292c-0c > .kt-inside-inner-col{flex-direction:column;}.kadence-column543_a6292c-0c > .kt-inside-inner-col > .aligncenter{width:100%;}.kadence-column543_a6292c-0c > .kt-inside-inner-col:before{opacity:0.3;}.kadence-column543_a6292c-0c{position:relative;}@media all and (max-width: 1024px){.kadence-column543_a6292c-0c > .kt-inside-inner-col{flex-direction:column;justify-content:center;}}@media all and (max-width: 767px){.kadence-column543_a6292c-0c > .kt-inside-inner-col{flex-direction:column;justify-content:center;}}<\/style>\n<div class=\"wp-block-kadence-column kadence-column543_a6292c-0c\"><div class=\"kt-inside-inner-col\"><\/div><\/div>\n\n<\/div><\/div>","protected":false},"excerpt":{"rendered":"<p>Maintenance and troubleshooting Instructions As an importer, we also take care of arranging maintenance for the devices we sell. So please contact us when the measuring device you purchased from us needs maintenance. We are the only authorized importer of the Austrian RIEGL Laser Measurement System in Finland, Estonia and Sweden. Therefore, please contact us in case of problems and if you wish to send your scanner for scheduled maintenance. The instruction manual that comes with each device contains the recommended maintenance for the model in question\u2026<\/p>","protected":false},"author":1,"featured_media":220,"parent":0,"menu_order":0,"comment_status":"closed","ping_status":"closed","template":"","meta":{"_kad_post_transparent":"","_kad_post_title":"","_kad_post_layout":"","_kad_post_sidebar_id":"","_kad_post_content_style":"","_kad_post_vertical_padding":"","_kad_post_feature":"","_kad_post_feature_position":"","_kad_post_header":false,"_kad_post_footer":false,"_kad_post_classname":"","footnotes":"","_links_to":"","_links_to_target":""},"class_list":["post-543","page","type-page","status-publish","has-post-thumbnail","hentry"],"_links":{"self":[{"href":"https:\/\/geocenter.fi\/en\/wp-json\/wp\/v2\/pages\/543","targetHints":{"allow":["GET"]}}],"collection":[{"href":"https:\/\/geocenter.fi\/en\/wp-json\/wp\/v2\/pages"}],"about":[{"href":"https:\/\/geocenter.fi\/en\/wp-json\/wp\/v2\/types\/page"}],"author":[{"embeddable":true,"href":"https:\/\/geocenter.fi\/en\/wp-json\/wp\/v2\/users\/1"}],"replies":[{"embeddable":true,"href":"https:\/\/geocenter.fi\/en\/wp-json\/wp\/v2\/comments?post=543"}],"version-history":[{"count":1,"href":"https:\/\/geocenter.fi\/en\/wp-json\/wp\/v2\/pages\/543\/revisions"}],"predecessor-version":[{"id":544,"href":"https:\/\/geocenter.fi\/en\/wp-json\/wp\/v2\/pages\/543\/revisions\/544"}],"wp:featuredmedia":[{"embeddable":true,"href":"https:\/\/geocenter.fi\/en\/wp-json\/wp\/v2\/media\/220"}],"wp:attachment":[{"href":"https:\/\/geocenter.fi\/en\/wp-json\/wp\/v2\/media?parent=543"}],"curies":[{"name":"wp","href":"https:\/\/api.w.org\/{rel}","templated":true}]}}