{"id":16,"date":"2026-01-05T14:34:28","date_gmt":"2026-01-05T12:34:28","guid":{"rendered":"https:\/\/geocenter.fi\/?page_id=16"},"modified":"2026-02-16T09:45:10","modified_gmt":"2026-02-16T07:45:10","slug":"faq","status":"publish","type":"page","link":"https:\/\/geocenter.fi\/en\/faq\/","title":{"rendered":"FAQs"},"content":{"rendered":"\n<div data-wp-context=\"{ &quot;autoclose&quot;: false, &quot;accordionItems&quot;: [] }\" data-wp-interactive=\"core\/accordion\" role=\"group\" class=\"wp-block-accordion is-layout-flow wp-block-accordion-is-layout-flow\">\n<div data-wp-class--is-open=\"state.isOpen\" data-wp-context=\"{ &quot;id&quot;: &quot;accordion-item-1&quot;, &quot;openByDefault&quot;: false }\" data-wp-init=\"callbacks.initAccordionItems\" data-wp-on-window--hashchange=\"callbacks.hashChange\" class=\"wp-block-accordion-item is-layout-flow wp-block-accordion-item-is-layout-flow\">\n<h3 class=\"wp-block-accordion-heading\"><button aria-expanded=\"false\" aria-controls=\"accordion-item-1-panel\" data-wp-bind--aria-expanded=\"state.isOpen\" data-wp-on--click=\"actions.toggle\" data-wp-on--keydown=\"actions.handleKeyDown\" id=\"accordion-item-1\" type=\"button\" class=\"wp-block-accordion-heading__toggle\"><span class=\"wp-block-accordion-heading__toggle-title\">Mit\u00e4 Nordic Geo Center tekee?<\/span><span class=\"wp-block-accordion-heading__toggle-icon\" aria-hidden=\"true\">+<\/span><\/button><\/h3>\n\n\n\n<div inert aria-labelledby=\"accordion-item-1\" data-wp-bind--inert=\"!state.isOpen\" id=\"accordion-item-1-panel\" role=\"region\" class=\"wp-block-accordion-panel is-layout-flow wp-block-accordion-panel-is-layout-flow\">\n<p>Nordic Geo Center on erikoistunut laserskannaus- ja GNSS\u2011mittausratkaisujen j\u00e4lleenmyyntiin ja k\u00e4ytt\u00f6\u00f6noton tukemiseen. Kartoitamme asiakkaan mittaustarpeen, suosittelemme sopivat laitteet ja j\u00e4rjestelm\u00e4t, ja koulutamme henkil\u00f6st\u00f6n k\u00e4ytt\u00e4m\u00e4\u00e4n niit\u00e4 turvallisesti ja tuottavasti.<\/p>\n<\/div>\n<\/div>\n\n\n\n<div data-wp-class--is-open=\"state.isOpen\" data-wp-context=\"{ &quot;id&quot;: &quot;accordion-item-2&quot;, &quot;openByDefault&quot;: false }\" data-wp-init=\"callbacks.initAccordionItems\" data-wp-on-window--hashchange=\"callbacks.hashChange\" class=\"wp-block-accordion-item is-layout-flow wp-block-accordion-item-is-layout-flow\">\n<h3 class=\"wp-block-accordion-heading\"><button aria-expanded=\"false\" aria-controls=\"accordion-item-2-panel\" data-wp-bind--aria-expanded=\"state.isOpen\" data-wp-on--click=\"actions.toggle\" data-wp-on--keydown=\"actions.handleKeyDown\" id=\"accordion-item-2\" type=\"button\" class=\"wp-block-accordion-heading__toggle\"><span class=\"wp-block-accordion-heading__toggle-title\">Tarjoatteko mittauspalveluita tai laitevuokrausta?<\/span><span class=\"wp-block-accordion-heading__toggle-icon\" aria-hidden=\"true\">+<\/span><\/button><\/h3>\n\n\n\n<div inert aria-labelledby=\"accordion-item-2\" data-wp-bind--inert=\"!state.isOpen\" id=\"accordion-item-2-panel\" role=\"region\" class=\"wp-block-accordion-panel is-layout-flow wp-block-accordion-panel-is-layout-flow\">\n<p>Emme vuokraa laitteita emmek\u00e4 tarjoa mittauspalveluita. P\u00e4\u00e4toimialamme on tukea asiakkaidemme omaa mittausliiketoimintaa toimittamalla laitteet ja koulutuksen. T\u00e4m\u00e4n lis\u00e4ksi teemme demoprojekteja ja laitetestausta sit\u00e4 tarvittaessa.<\/p>\n<\/div>\n<\/div>\n\n\n\n<div data-wp-class--is-open=\"state.isOpen\" data-wp-context=\"{ &quot;id&quot;: &quot;accordion-item-3&quot;, &quot;openByDefault&quot;: false }\" data-wp-init=\"callbacks.initAccordionItems\" data-wp-on-window--hashchange=\"callbacks.hashChange\" class=\"wp-block-accordion-item is-layout-flow wp-block-accordion-item-is-layout-flow\">\n<h3 class=\"wp-block-accordion-heading\"><button aria-expanded=\"false\" aria-controls=\"accordion-item-3-panel\" data-wp-bind--aria-expanded=\"state.isOpen\" data-wp-on--click=\"actions.toggle\" data-wp-on--keydown=\"actions.handleKeyDown\" id=\"accordion-item-3\" type=\"button\" class=\"wp-block-accordion-heading__toggle\"><span class=\"wp-block-accordion-heading__toggle-title\">Kenelle palvelu sopii?<\/span><span class=\"wp-block-accordion-heading__toggle-icon\" aria-hidden=\"true\">+<\/span><\/button><\/h3>\n\n\n\n<div inert aria-labelledby=\"accordion-item-3\" data-wp-bind--inert=\"!state.isOpen\" id=\"accordion-item-3-panel\" role=\"region\" class=\"wp-block-accordion-panel is-layout-flow wp-block-accordion-panel-is-layout-flow\">\n<p>Palvelumme on suunnattu yrityksille ja organisaatioille, jotka tarvitsevat luotettavia mittausratkaisuja osaksi omaa tuotantoaan tai palveluvalikoimaansa. Asiakkaitamme ovat muun muassa maanmittaus- ja infratoimijat, mets\u00e4- ja luonnonvarasektori, telakat ja prosessiteollisuus, energia\u2011alan toimijat sek\u00e4 ymp\u00e4rist\u00f6- ja vesist\u00f6mittauksia tekev\u00e4t organisaatiot. Autamme erityisesti tilanteissa, joissa tarvitaan tarkkaa 3D\u2011aineistoa haastavista kohteista ja halutaan pitk\u00e4aikainen kumppani laitetoimituksiin, tukeen ja koulutukseen.<\/p>\n<\/div>\n<\/div>\n\n\n\n<div data-wp-class--is-open=\"state.isOpen\" data-wp-context=\"{ &quot;id&quot;: &quot;accordion-item-4&quot;, &quot;openByDefault&quot;: false }\" data-wp-init=\"callbacks.initAccordionItems\" data-wp-on-window--hashchange=\"callbacks.hashChange\" class=\"wp-block-accordion-item is-layout-flow wp-block-accordion-item-is-layout-flow\">\n<h3 class=\"wp-block-accordion-heading\"><button aria-expanded=\"false\" aria-controls=\"accordion-item-4-panel\" data-wp-bind--aria-expanded=\"state.isOpen\" data-wp-on--click=\"actions.toggle\" data-wp-on--keydown=\"actions.handleKeyDown\" id=\"accordion-item-4\" type=\"button\" class=\"wp-block-accordion-heading__toggle\"><span class=\"wp-block-accordion-heading__toggle-title\">RIEGL Laser Measurement Systems<\/span><span class=\"wp-block-accordion-heading__toggle-icon\" aria-hidden=\"true\">+<\/span><\/button><\/h3>\n\n\n\n<div inert aria-labelledby=\"accordion-item-4\" data-wp-bind--inert=\"!state.isOpen\" id=\"accordion-item-4-panel\" role=\"region\" class=\"wp-block-accordion-panel is-layout-flow wp-block-accordion-panel-is-layout-flow\">\n<h5 class=\"wp-block-heading\">on perinteik\u00e4s it\u00e4valtalainen laserskannerien valmistaja, joka t\u00e4ytti 40 vuotta vuonna 2018. Valikoimassa on yli 30 skanneria ja skannausj\u00e4rjestelm\u00e4\u00e4 staattiseen ja mobiiliin k\u00e4ytt\u00f6\u00f6n aluistoina auto, juna, helikopteri, lennokki ja lentokone. Aikajanalla mainittu osa menneist\u00e4 ja nykyisist\u00e4 tuotteista:<\/h5>\n\n\n\n<p>1971 Johannes Riegl saa ensimm\u00e4iset patenttinsa<\/p>\n\n\n\n<p>1978 Wienin teknisen yliopiston professorina toiminut Johannes Riegl perustaa yrityksen<\/p>\n\n\n\n<p>1992 Autojen mopeusvalvontaan tarkoittu et\u00e4isyysmittari julkaistaan<\/p>\n\n\n\n<p>1996 Ilmalaserkeilain LMS-Q140 julkaistaan<\/p>\n\n\n\n<p>1998 Maalaserkeilain LMS-Z210 julkaistaan<\/p>\n\n\n\n<p>2008 2. sukupolven maa- &amp; hybridilaserkeilain VZ-400 &amp; VZ-tuosarja julkaistaan<\/p>\n\n\n\n<p>2009 Liikkuva kartoitusj\u00e4rjestem\u00e4 VMX-250 julkaistaan<\/p>\n\n\n\n<p>2010 Maa- &amp; hybridilaserkeilain VZ-1000 julkaistaan<\/p>\n\n\n\n<p>2012 Pitk\u00e4n matkan keilaimet VZ-4000 ja VZ-6000 julkaistaan<\/p>\n\n\n\n<p>2013 Kahden ristikk\u00e4isen laserin ilmalaserkeilain LMS-Q1560 julkaistaan<\/p>\n\n\n\n<p>2014 UAV-j\u00e4rjestelm\u00e4 Riegl RiCopter ja maa- &amp; hybridilaserskanneri VZ-2000 julkaistaan \u2013 se on tuplasti nopeampi kuin edelt\u00e4j\u00e4ns\u00e4.<\/p>\n\n\n\n<p>2022 Skannerit p\u00e4ivitet\u00e4\u00e4n TM22-versioiksi<\/p>\n\n\n\n<p>2023 P\u00e4ivitetyt versiot VUX-180 ja VUX-240 sek\u00e4 uusi Deep Learning Suite julkaistaan.<\/p>\n\n\n\n<p>2024 RiPROCESS \u2013 RiLOC Edition, MLS Deep Learning classification, VQ-1560III-S<\/p>\n\n\n\n<p>2025 VZ-1200i, VQ-1060, reaaliaikainen georeferointi, VUX-820-G, VZ-6000i, VUX-3UAV, VMX-3HA<\/p>\n<\/div>\n<\/div>\n<\/div>\n\n\n\n<div data-wp-context=\"{ &quot;autoclose&quot;: false, &quot;accordionItems&quot;: [] }\" data-wp-interactive=\"core\/accordion\" role=\"group\" class=\"wp-block-accordion is-layout-flow wp-block-accordion-is-layout-flow\">\n<div data-wp-class--is-open=\"state.isOpen\" data-wp-context=\"{ &quot;id&quot;: &quot;accordion-item-5&quot;, &quot;openByDefault&quot;: false }\" data-wp-init=\"callbacks.initAccordionItems\" data-wp-on-window--hashchange=\"callbacks.hashChange\" class=\"wp-block-accordion-item is-layout-flow wp-block-accordion-item-is-layout-flow\">\n<h3 class=\"wp-block-accordion-heading\"><button aria-expanded=\"false\" aria-controls=\"accordion-item-5-panel\" data-wp-bind--aria-expanded=\"state.isOpen\" data-wp-on--click=\"actions.toggle\" data-wp-on--keydown=\"actions.handleKeyDown\" id=\"accordion-item-5\" type=\"button\" class=\"wp-block-accordion-heading__toggle\"><span class=\"wp-block-accordion-heading__toggle-title\"><em>Eik\u00f6 vastausta l\u00f6ytynyt?<\/em><\/span><span class=\"wp-block-accordion-heading__toggle-icon\" aria-hidden=\"true\">+<\/span><\/button><\/h3>\n\n\n\n<div inert aria-labelledby=\"accordion-item-5\" data-wp-bind--inert=\"!state.isOpen\" id=\"accordion-item-5-panel\" role=\"region\" class=\"wp-block-accordion-panel is-layout-flow wp-block-accordion-panel-is-layout-flow\">\n<p><em>Eik\u00f6 vastausta l\u00f6ytynyt? Ota yhteytt\u00e4 asiantuntijaamme.<\/em> <a href=\"https:\/\/geocenter.fi\/yhteystiedot\/\" data-type=\"page\" data-id=\"18\">YHTEYSTIEDOT<\/a><\/p>\n<\/div>\n<\/div>\n<\/div>\n\n\n\n<p>.<\/p>\n\n\n<style>.wp-block-kadence-advancedheading.kt-adv-heading16_17b706-86, .wp-block-kadence-advancedheading.kt-adv-heading16_17b706-86[data-kb-block=\"kb-adv-heading16_17b706-86\"]{font-style:normal;}.wp-block-kadence-advancedheading.kt-adv-heading16_17b706-86 mark.kt-highlight, .wp-block-kadence-advancedheading.kt-adv-heading16_17b706-86[data-kb-block=\"kb-adv-heading16_17b706-86\"] mark.kt-highlight{font-style:normal;color:#f76a0c;-webkit-box-decoration-break:clone;box-decoration-break:clone;padding-top:0px;padding-right:0px;padding-bottom:0px;padding-left:0px;}.wp-block-kadence-advancedheading.kt-adv-heading16_17b706-86 img.kb-inline-image, .wp-block-kadence-advancedheading.kt-adv-heading16_17b706-86[data-kb-block=\"kb-adv-heading16_17b706-86\"] img.kb-inline-image{width:150px;vertical-align:baseline;}<\/style>\n<p class=\"kt-adv-heading16_17b706-86 wp-block-kadence-advancedheading\" data-kb-block=\"kb-adv-heading16_17b706-86\">Ota yhteytt\u00e4 <a href=\"https:\/\/geocenter.fi\/yhteystiedot\/\" data-type=\"page\" data-id=\"18\">YHTEYSTIEDOT<\/a><\/p>\n","protected":false},"excerpt":{"rendered":"<p>. Ota yhteytt\u00e4 YHTEYSTIEDOT<\/p>","protected":false},"author":1,"featured_media":0,"parent":0,"menu_order":0,"comment_status":"closed","ping_status":"closed","template":"","meta":{"_kad_post_transparent":"","_kad_post_title":"","_kad_post_layout":"","_kad_post_sidebar_id":"","_kad_post_content_style":"","_kad_post_vertical_padding":"","_kad_post_feature":"","_kad_post_feature_position":"","_kad_post_header":false,"_kad_post_footer":false,"_kad_post_classname":"","footnotes":"","_links_to":"","_links_to_target":""},"class_list":["post-16","page","type-page","status-publish","hentry"],"_links":{"self":[{"href":"https:\/\/geocenter.fi\/en\/wp-json\/wp\/v2\/pages\/16","targetHints":{"allow":["GET"]}}],"collection":[{"href":"https:\/\/geocenter.fi\/en\/wp-json\/wp\/v2\/pages"}],"about":[{"href":"https:\/\/geocenter.fi\/en\/wp-json\/wp\/v2\/types\/page"}],"author":[{"embeddable":true,"href":"https:\/\/geocenter.fi\/en\/wp-json\/wp\/v2\/users\/1"}],"replies":[{"embeddable":true,"href":"https:\/\/geocenter.fi\/en\/wp-json\/wp\/v2\/comments?post=16"}],"version-history":[{"count":7,"href":"https:\/\/geocenter.fi\/en\/wp-json\/wp\/v2\/pages\/16\/revisions"}],"predecessor-version":[{"id":491,"href":"https:\/\/geocenter.fi\/en\/wp-json\/wp\/v2\/pages\/16\/revisions\/491"}],"wp:attachment":[{"href":"https:\/\/geocenter.fi\/en\/wp-json\/wp\/v2\/media?parent=16"}],"curies":[{"name":"wp","href":"https:\/\/api.w.org\/{rel}","templated":true}]}}