{"id":146,"date":"2026-02-11T14:20:38","date_gmt":"2026-02-11T12:20:38","guid":{"rendered":"https:\/\/geocenter.fi\/?page_id=146"},"modified":"2026-02-11T14:49:34","modified_gmt":"2026-02-11T12:49:34","slug":"saavutettavuusseloste","status":"publish","type":"page","link":"https:\/\/geocenter.fi\/en\/saavutettavuusseloste\/","title":{"rendered":"SAAVUTETTAVUUSSELOSTE"},"content":{"rendered":"<style>.wp-block-kadence-advancedheading.kt-adv-heading146_4958f3-77, .wp-block-kadence-advancedheading.kt-adv-heading146_4958f3-77[data-kb-block=\"kb-adv-heading146_4958f3-77\"]{font-style:normal;}.wp-block-kadence-advancedheading.kt-adv-heading146_4958f3-77 mark.kt-highlight, .wp-block-kadence-advancedheading.kt-adv-heading146_4958f3-77[data-kb-block=\"kb-adv-heading146_4958f3-77\"] mark.kt-highlight{font-style:normal;color:#f76a0c;-webkit-box-decoration-break:clone;box-decoration-break:clone;padding-top:0px;padding-right:0px;padding-bottom:0px;padding-left:0px;}.wp-block-kadence-advancedheading.kt-adv-heading146_4958f3-77 img.kb-inline-image, .wp-block-kadence-advancedheading.kt-adv-heading146_4958f3-77[data-kb-block=\"kb-adv-heading146_4958f3-77\"] img.kb-inline-image{width:150px;vertical-align:baseline;}<\/style>\n<p class=\"kt-adv-heading146_4958f3-77 wp-block-kadence-advancedheading\" data-kb-block=\"kb-adv-heading146_4958f3-77\">T\u00e4m\u00e4 saavutettavuusseloste koskee verkkosivustoa www.geocenter.fi.<br><\/p>\n\n\n\n<p><strong>Sivuston tila<\/strong><br>Pyrimme takaamaan verkkosivuston saavutettavuuden digitaalisten palvelujen tarjoamisesta annetun lain mukaisesti. K\u00e4yt\u00e4mme sivuston pohjana nykyaikaista ja saavutettavuusoptimoitua teemaa (Kadence).<br><strong>Puutteet saavutettavuudessa<\/strong><br>Sivusto on julkaistu \u00e4skett\u00e4in, ja teemme jatkuvasti t\u00f6it\u00e4 sen eteen, ett\u00e4 kaikki sis\u00e4lt\u00f6 (kuten kuvien tekstivastineet ja v\u00e4rikontrastit) t\u00e4ytt\u00e4isiv\u00e4t WCAG 2.1 -standardin tason AA vaatimukset. Jos huomaat sivustolla puutteita, pyyd\u00e4mme ilmoittamaan niist\u00e4 meille.<br><strong>Palaute ja yhteystiedot<\/strong><br>Mik\u00e4li kohtaat ongelmia sivuston saavutettavuudessa, voit antaa meille palautetta s\u00e4hk\u00f6postilla tai yhteydenottolomakkeella.<br><a href=\"https:\/\/geocenter.fi\/yhteystiedot\/\" data-type=\"page\" data-id=\"18\">YHTEYSTIEDOT<\/a><br>Vastaamme palautteisiin mahdollisimman pian, viimeist\u00e4\u00e4n 14 vuorokauden kuluessa.<\/p>\n","protected":false},"excerpt":{"rendered":"<p>T\u00e4m\u00e4 saavutettavuusseloste koskee verkkosivustoa www.geocenter.fi. Sivuston tilaPyrimme takaamaan verkkosivuston saavutettavuuden digitaalisten palvelujen tarjoamisesta annetun lain mukaisesti. K\u00e4yt\u00e4mme sivuston pohjana nykyaikaista ja saavutettavuusoptimoitua teemaa (Kadence).Puutteet saavutettavuudessaSivusto on julkaistu \u00e4skett\u00e4in, ja teemme jatkuvasti t\u00f6it\u00e4 sen eteen, ett\u00e4 kaikki sis\u00e4lt\u00f6 (kuten kuvien tekstivastineet ja v\u00e4rikontrastit) t\u00e4ytt\u00e4isiv\u00e4t WCAG 2.1 -standardin tason AA vaatimukset. Jos huomaat sivustolla puutteita, pyyd\u00e4mme ilmoittamaan&#8230;<\/p>","protected":false},"author":1,"featured_media":0,"parent":0,"menu_order":0,"comment_status":"closed","ping_status":"closed","template":"","meta":{"_kad_post_transparent":"","_kad_post_title":"","_kad_post_layout":"","_kad_post_sidebar_id":"","_kad_post_content_style":"","_kad_post_vertical_padding":"","_kad_post_feature":"","_kad_post_feature_position":"","_kad_post_header":false,"_kad_post_footer":false,"_kad_post_classname":"","footnotes":"","_links_to":"","_links_to_target":""},"class_list":["post-146","page","type-page","status-publish","hentry"],"_links":{"self":[{"href":"https:\/\/geocenter.fi\/en\/wp-json\/wp\/v2\/pages\/146","targetHints":{"allow":["GET"]}}],"collection":[{"href":"https:\/\/geocenter.fi\/en\/wp-json\/wp\/v2\/pages"}],"about":[{"href":"https:\/\/geocenter.fi\/en\/wp-json\/wp\/v2\/types\/page"}],"author":[{"embeddable":true,"href":"https:\/\/geocenter.fi\/en\/wp-json\/wp\/v2\/users\/1"}],"replies":[{"embeddable":true,"href":"https:\/\/geocenter.fi\/en\/wp-json\/wp\/v2\/comments?post=146"}],"version-history":[{"count":3,"href":"https:\/\/geocenter.fi\/en\/wp-json\/wp\/v2\/pages\/146\/revisions"}],"predecessor-version":[{"id":163,"href":"https:\/\/geocenter.fi\/en\/wp-json\/wp\/v2\/pages\/146\/revisions\/163"}],"wp:attachment":[{"href":"https:\/\/geocenter.fi\/en\/wp-json\/wp\/v2\/media?parent=146"}],"curies":[{"name":"wp","href":"https:\/\/api.w.org\/{rel}","templated":true}]}}