{"id":14,"date":"2026-01-05T14:34:19","date_gmt":"2026-01-05T12:34:19","guid":{"rendered":"https:\/\/geocenter.fi\/?page_id=14"},"modified":"2026-02-12T14:26:23","modified_gmt":"2026-02-12T12:26:23","slug":"meista","status":"publish","type":"page","link":"https:\/\/geocenter.fi\/en\/meista\/","title":{"rendered":"ABOUT US"},"content":{"rendered":"<style>.kb-row-layout-id14_1ec08c-b7 > .kt-row-column-wrap{align-content:center;}:where(.kb-row-layout-id14_1ec08c-b7 > .kt-row-column-wrap) > .wp-block-kadence-column{justify-content:center;}.kb-row-layout-id14_1ec08c-b7 > .kt-row-column-wrap{column-gap:var(--global-kb-gap-md, 2rem);row-gap:var(--global-kb-gap-md, 2rem);max-width:var( --global-content-width, 1290px );padding-left:var(--global-content-edge-padding);padding-right:var(--global-content-edge-padding);padding-top:var(--global-kb-spacing-xxl, 5rem);padding-bottom:var(--global-kb-spacing-xxl, 5rem);grid-template-columns:minmax(0, calc(50% - ((var(--global-kb-gap-md, 2rem) * 1 )\/2)))minmax(0, calc(50% - ((var(--global-kb-gap-md, 2rem) * 1 )\/2)));}.kb-row-layout-id14_1ec08c-b7{background-image:url('https:\/\/geocenter.fi\/wp-content\/uploads\/2026\/02\/VMX-2HA.jpg');background-size:cover;background-position:6% 12%;background-attachment:scroll;background-repeat:no-repeat;}.kb-row-layout-id14_1ec08c-b7 > .kt-row-layout-overlay{opacity:1;background:linear-gradient(90deg,var(--global-palette8,#F7FAFC) 41%,rgba(247,250,252,0) 100%);}@media all and (max-width: 1024px){.kb-row-layout-id14_1ec08c-b7 > .kt-row-column-wrap{grid-template-columns:minmax(0, 1fr);}}@media all and (max-width: 1024px){.kb-row-layout-id14_1ec08c-b7 > .kt-row-layout-overlay{opacity:1;background:linear-gradient(180deg,var(--global-palette8,#F7FAFC) 53%,rgba(247,250,252,0) 100%);}}@media all and (max-width: 767px){.kb-row-layout-id14_1ec08c-b7 > .kt-row-column-wrap{grid-template-columns:minmax(0, 1fr);}}<\/style><div class=\"kb-row-layout-wrap kb-row-layout-id14_1ec08c-b7 alignfull kt-row-has-bg wp-block-kadence-rowlayout\"><div class=\"kt-row-layout-overlay kt-row-overlay-gradient\"><\/div><div class=\"kt-row-column-wrap kt-has-2-columns kt-row-layout-equal kt-tab-layout-row kt-mobile-layout-row kt-row-valign-middle kb-theme-content-width\">\n<style>.kadence-column14_9a8e88-c7 > .kt-inside-inner-col,.kadence-column14_9a8e88-c7 > .kt-inside-inner-col:before{border-top-left-radius:0px;border-top-right-radius:0px;border-bottom-right-radius:0px;border-bottom-left-radius:0px;}.kadence-column14_9a8e88-c7 > .kt-inside-inner-col{column-gap:var(--global-kb-gap-sm, 1rem);}.kadence-column14_9a8e88-c7 > .kt-inside-inner-col{flex-direction:column;}.kadence-column14_9a8e88-c7 > .kt-inside-inner-col > .aligncenter{width:100%;}.kadence-column14_9a8e88-c7 > .kt-inside-inner-col:before{opacity:0.3;}.kadence-column14_9a8e88-c7{position:relative;}@media all and (max-width: 1024px){.kadence-column14_9a8e88-c7{text-align:center;}}@media all and (max-width: 1024px){.kadence-column14_9a8e88-c7 > .kt-inside-inner-col{flex-direction:column;justify-content:center;}}@media all and (max-width: 767px){.kadence-column14_9a8e88-c7 > .kt-inside-inner-col{flex-direction:column;justify-content:center;}}<\/style>\n<div class=\"wp-block-kadence-column kadence-column14_9a8e88-c7 kb-section-dir-vertical inner-column-1\"><div class=\"kt-inside-inner-col\"><style>.wp-block-kadence-advancedheading.kt-adv-heading14_9d72f9-ac, .wp-block-kadence-advancedheading.kt-adv-heading14_9d72f9-ac[data-kb-block=\"kb-adv-heading14_9d72f9-ac\"]{display:block;margin-bottom:var(--global-kb-spacing-xs, 1rem);font-style:normal;text-transform:uppercase;}.wp-block-kadence-advancedheading.kt-adv-heading14_9d72f9-ac mark.kt-highlight, .wp-block-kadence-advancedheading.kt-adv-heading14_9d72f9-ac[data-kb-block=\"kb-adv-heading14_9d72f9-ac\"] mark.kt-highlight{font-style:normal;color:#f76a0c;-webkit-box-decoration-break:clone;box-decoration-break:clone;padding-top:0px;padding-right:0px;padding-bottom:0px;padding-left:0px;}.wp-block-kadence-advancedheading.kt-adv-heading14_9d72f9-ac img.kb-inline-image, .wp-block-kadence-advancedheading.kt-adv-heading14_9d72f9-ac[data-kb-block=\"kb-adv-heading14_9d72f9-ac\"] img.kb-inline-image{width:150px;vertical-align:baseline;}<\/style>\n<span class=\"kt-adv-heading14_9d72f9-ac wp-block-kadence-advancedheading has-theme-palette-1-color has-text-color\" data-kb-block=\"kb-adv-heading14_9d72f9-ac\">Nordic geo Center on<\/span>\n\n\n<style>.wp-block-kadence-advancedheading.kt-adv-heading14_bed476-f1, .wp-block-kadence-advancedheading.kt-adv-heading14_bed476-f1[data-kb-block=\"kb-adv-heading14_bed476-f1\"]{margin-top:0px;margin-bottom:var(--global-kb-spacing-lg, 3rem);font-size:var(--global-kb-font-size-xl, 3rem);line-height:1.2;font-style:normal;}.wp-block-kadence-advancedheading.kt-adv-heading14_bed476-f1 mark.kt-highlight, .wp-block-kadence-advancedheading.kt-adv-heading14_bed476-f1[data-kb-block=\"kb-adv-heading14_bed476-f1\"] mark.kt-highlight{font-style:normal;color:#f76a0c;-webkit-box-decoration-break:clone;box-decoration-break:clone;padding-top:0px;padding-right:0px;padding-bottom:0px;padding-left:0px;}.wp-block-kadence-advancedheading.kt-adv-heading14_bed476-f1 img.kb-inline-image, .wp-block-kadence-advancedheading.kt-adv-heading14_bed476-f1[data-kb-block=\"kb-adv-heading14_bed476-f1\"] img.kb-inline-image{width:150px;vertical-align:baseline;}@media all and (max-width: 1024px){.wp-block-kadence-advancedheading.kt-adv-heading14_bed476-f1, .wp-block-kadence-advancedheading.kt-adv-heading14_bed476-f1[data-kb-block=\"kb-adv-heading14_bed476-f1\"]{text-align:center!important;}}<\/style>\n<h1 class=\"kt-adv-heading14_bed476-f1 wp-block-kadence-advancedheading has-theme-palette-3-color has-text-color\" data-kb-block=\"kb-adv-heading14_bed476-f1\">Geodeettisten mittausj\u00e4rjestelmien maahantuoja ja k\u00e4yt\u00f6n kouluttaja<\/h1>\n\n\n<style>.wp-block-kadence-advancedheading.kt-adv-heading14_9ae393-3c, .wp-block-kadence-advancedheading.kt-adv-heading14_9ae393-3c[data-kb-block=\"kb-adv-heading14_9ae393-3c\"]{font-style:normal;}.wp-block-kadence-advancedheading.kt-adv-heading14_9ae393-3c mark.kt-highlight, .wp-block-kadence-advancedheading.kt-adv-heading14_9ae393-3c[data-kb-block=\"kb-adv-heading14_9ae393-3c\"] mark.kt-highlight{font-style:normal;color:#f76a0c;-webkit-box-decoration-break:clone;box-decoration-break:clone;padding-top:0px;padding-right:0px;padding-bottom:0px;padding-left:0px;}.wp-block-kadence-advancedheading.kt-adv-heading14_9ae393-3c img.kb-inline-image, .wp-block-kadence-advancedheading.kt-adv-heading14_9ae393-3c[data-kb-block=\"kb-adv-heading14_9ae393-3c\"] img.kb-inline-image{width:150px;vertical-align:baseline;}@media all and (max-width: 1024px){.wp-block-kadence-advancedheading.kt-adv-heading14_9ae393-3c, .wp-block-kadence-advancedheading.kt-adv-heading14_9ae393-3c[data-kb-block=\"kb-adv-heading14_9ae393-3c\"]{text-align:center!important;}}<\/style>\n<p class=\"kt-adv-heading14_9ae393-3c wp-block-kadence-advancedheading has-theme-palette-4-color has-text-color\" data-kb-block=\"kb-adv-heading14_9ae393-3c\"><strong>Luonnollisesti koulutamme asiakkaamme my\u00f6s k\u00e4ytt\u00e4m\u00e4\u00e4n myymi\u00e4mme mittausj\u00e4rjestelmi\u00e4 parhaan mahdollisen tuloksen saavuttamiseksi. N\u00e4in hankintasi saa arvoa!<\/strong><\/p>\n\n\n\n<p><strong>Olemme auktorisoitu RIEGL GmbH -p\u00e4\u00e4edustaja. Toimitamme maailman johtavaa laserskannausteknologiaa.<\/strong><\/p>\n<\/div><\/div>\n\n\n<style>.kadence-column14_911539-99 > .kt-inside-inner-col,.kadence-column14_911539-99 > .kt-inside-inner-col:before{border-top-left-radius:0px;border-top-right-radius:0px;border-bottom-right-radius:0px;border-bottom-left-radius:0px;}.kadence-column14_911539-99 > .kt-inside-inner-col{column-gap:var(--global-kb-gap-sm, 1rem);}.kadence-column14_911539-99 > .kt-inside-inner-col{flex-direction:column;}.kadence-column14_911539-99 > .kt-inside-inner-col > .aligncenter{width:100%;}.kadence-column14_911539-99 > .kt-inside-inner-col:before{opacity:0.3;}.kadence-column14_911539-99{position:relative;}@media all and (max-width: 1024px){.kadence-column14_911539-99 > .kt-inside-inner-col{flex-direction:column;justify-content:center;}}@media all and (max-width: 767px){.kadence-column14_911539-99 > .kt-inside-inner-col{flex-direction:column;justify-content:center;}}<\/style>\n<div class=\"wp-block-kadence-column kadence-column14_911539-99 kvs-md-false kvs-sm-false inner-column-2\"><div class=\"kt-inside-inner-col\"><\/div><\/div>\n\n<\/div><\/div>\n\n<style>.kb-row-layout-id14_6279ba-98 > .kt-row-column-wrap{align-content:start;}:where(.kb-row-layout-id14_6279ba-98 > .kt-row-column-wrap) > .wp-block-kadence-column{justify-content:start;}.kb-row-layout-id14_6279ba-98 > .kt-row-column-wrap{column-gap:var(--global-kb-gap-md, 2rem);row-gap:var(--global-kb-gap-lg, 4rem);max-width:var( --global-content-width, 1290px );padding-left:var(--global-content-edge-padding);padding-right:var(--global-content-edge-padding);padding-top:var(--global-kb-spacing-xxl, 5rem);padding-bottom:var(--global-kb-spacing-xxl, 5rem);grid-template-columns:minmax(0, 1fr) minmax(0, 2fr);}.kb-row-layout-id14_6279ba-98 > .kt-row-layout-overlay{opacity:0.30;}@media all and (max-width: 1024px){.kb-row-layout-id14_6279ba-98 > .kt-row-column-wrap{grid-template-columns:minmax(0, 1fr);}}@media all and (max-width: 767px){.kb-row-layout-id14_6279ba-98 > .kt-row-column-wrap{grid-template-columns:minmax(0, 1fr);}}<\/style><div class=\"kb-row-layout-wrap kb-row-layout-id14_6279ba-98 alignfull has-theme-palette8-background-color kt-row-has-bg wp-block-kadence-rowlayout\"><div class=\"kt-row-column-wrap kt-has-2-columns kt-row-layout-right-golden kt-tab-layout-row kt-mobile-layout-row kt-row-valign-top kb-theme-content-width\">\n<style>.kadence-column14_c0156d-ce > .kt-inside-inner-col{padding-right:var(--global-kb-spacing-xxl, 5rem);}.kadence-column14_c0156d-ce > .kt-inside-inner-col,.kadence-column14_c0156d-ce > .kt-inside-inner-col:before{border-top-left-radius:0px;border-top-right-radius:0px;border-bottom-right-radius:0px;border-bottom-left-radius:0px;}.kadence-column14_c0156d-ce > .kt-inside-inner-col{column-gap:var(--global-kb-gap-sm, 1rem);}.kadence-column14_c0156d-ce > .kt-inside-inner-col{flex-direction:column;}.kadence-column14_c0156d-ce > .kt-inside-inner-col > .aligncenter{width:100%;}.kadence-column14_c0156d-ce > .kt-inside-inner-col:before{opacity:0.3;}.kadence-column14_c0156d-ce{position:relative;}@media all and (max-width: 1024px){.kadence-column14_c0156d-ce > .kt-inside-inner-col{padding-right:0px;flex-direction:column;justify-content:center;}}@media all and (max-width: 767px){.kadence-column14_c0156d-ce > .kt-inside-inner-col{flex-direction:column;justify-content:center;}}<\/style>\n<div class=\"wp-block-kadence-column kadence-column14_c0156d-ce\"><div class=\"kt-inside-inner-col\"><style>.wp-block-kadence-advancedheading.kt-adv-heading14_579d72-be, .wp-block-kadence-advancedheading.kt-adv-heading14_579d72-be[data-kb-block=\"kb-adv-heading14_579d72-be\"]{text-align:center;font-size:var(--global-kb-font-size-lg, 2rem);line-height:1.2;font-style:normal;}.wp-block-kadence-advancedheading.kt-adv-heading14_579d72-be mark.kt-highlight, .wp-block-kadence-advancedheading.kt-adv-heading14_579d72-be[data-kb-block=\"kb-adv-heading14_579d72-be\"] mark.kt-highlight{font-style:normal;color:#f76a0c;-webkit-box-decoration-break:clone;box-decoration-break:clone;padding-top:0px;padding-right:0px;padding-bottom:0px;padding-left:0px;}.wp-block-kadence-advancedheading.kt-adv-heading14_579d72-be img.kb-inline-image, .wp-block-kadence-advancedheading.kt-adv-heading14_579d72-be[data-kb-block=\"kb-adv-heading14_579d72-be\"] img.kb-inline-image{width:150px;vertical-align:baseline;}@media all and (max-width: 1024px){.wp-block-kadence-advancedheading.kt-adv-heading14_579d72-be, .wp-block-kadence-advancedheading.kt-adv-heading14_579d72-be[data-kb-block=\"kb-adv-heading14_579d72-be\"]{text-align:center!important;}}<\/style>\n<h2 class=\"kt-adv-heading14_579d72-be wp-block-kadence-advancedheading has-theme-palette-3-color has-text-color\" data-kb-block=\"kb-adv-heading14_579d72-be\">Keit\u00e4 me olemme<\/h2>\n\n\n<style>.wp-block-kadence-advancedheading.kt-adv-heading14_77ae1f-90, .wp-block-kadence-advancedheading.kt-adv-heading14_77ae1f-90[data-kb-block=\"kb-adv-heading14_77ae1f-90\"]{text-align:center;font-style:normal;}.wp-block-kadence-advancedheading.kt-adv-heading14_77ae1f-90 mark.kt-highlight, .wp-block-kadence-advancedheading.kt-adv-heading14_77ae1f-90[data-kb-block=\"kb-adv-heading14_77ae1f-90\"] mark.kt-highlight{font-style:normal;color:#f76a0c;-webkit-box-decoration-break:clone;box-decoration-break:clone;padding-top:0px;padding-right:0px;padding-bottom:0px;padding-left:0px;}.wp-block-kadence-advancedheading.kt-adv-heading14_77ae1f-90 img.kb-inline-image, .wp-block-kadence-advancedheading.kt-adv-heading14_77ae1f-90[data-kb-block=\"kb-adv-heading14_77ae1f-90\"] img.kb-inline-image{width:150px;vertical-align:baseline;}@media all and (max-width: 1024px){.wp-block-kadence-advancedheading.kt-adv-heading14_77ae1f-90, .wp-block-kadence-advancedheading.kt-adv-heading14_77ae1f-90[data-kb-block=\"kb-adv-heading14_77ae1f-90\"]{text-align:center!important;}}<\/style>\n<p class=\"kt-adv-heading14_77ae1f-90 wp-block-kadence-advancedheading has-theme-palette-3-color has-text-color\" data-kb-block=\"kb-adv-heading14_77ae1f-90\"><strong>Meilt\u00e4 l\u00f6ytyy pitk\u00e4n linjan maanmittausosaamista, joten voimme auttaa sinua ratkaisemaan mittausongelmasi oikealla laitevalinnalla ja ty\u00f6tavalla. Muista, ett\u00e4 todellisten haasteiden edess\u00e4 laitteiden tekniset tiedot ovat vasta alustava l\u00e4ht\u00f6kohta hyvien mittaustulosten saavuttamiseen. Alan ammattilainen hallitsee ty\u00f6kalunsa ja siten tuottaa laadukkaita lopputuloksia. <\/strong><\/p>\n\n\n<style>.wp-block-kadence-advancedbtn.kb-btns14_f2b167-68{gap:var(--global-kb-gap-xs, 0.5rem );justify-content:flex-start;align-items:center;}.kt-btns14_f2b167-68 .kt-button{font-weight:normal;font-style:normal;}.kt-btns14_f2b167-68 .kt-btn-wrap-0{margin-right:5px;}.wp-block-kadence-advancedbtn.kt-btns14_f2b167-68 .kt-btn-wrap-0 .kt-button{color:#555555;border-color:#555555;}.wp-block-kadence-advancedbtn.kt-btns14_f2b167-68 .kt-btn-wrap-0 .kt-button:hover, .wp-block-kadence-advancedbtn.kt-btns14_f2b167-68 .kt-btn-wrap-0 .kt-button:focus{color:#ffffff;border-color:#444444;}.wp-block-kadence-advancedbtn.kt-btns14_f2b167-68 .kt-btn-wrap-0 .kt-button::before{display:none;}.wp-block-kadence-advancedbtn.kt-btns14_f2b167-68 .kt-btn-wrap-0 .kt-button:hover, .wp-block-kadence-advancedbtn.kt-btns14_f2b167-68 .kt-btn-wrap-0 .kt-button:focus{background:#444444;}@media all and (max-width: 1024px){.wp-block-kadence-advancedbtn.kb-btns14_f2b167-68{justify-content:center;}}<\/style>\n<div class=\"wp-block-kadence-advancedbtn kb-buttons-wrap kb-btns14_f2b167-68\"><style>ul.menu .wp-block-kadence-advancedbtn .kb-btn14_6efd20-e8.kb-button{width:initial;}<\/style><a class=\"kb-button kt-button button kb-btn14_6efd20-e8 kt-btn-size-standard kt-btn-width-type-auto kb-btn-global-inherit  kt-btn-has-text-true kt-btn-has-svg-false  wp-block-button__link wp-block-kadence-singlebtn\" href=\"https:\/\/geocenter.fi\/yhteystiedot\/\"><span class=\"kt-btn-inner-text\">Ota yhteytt\u00e4!<\/span><\/a><\/div>\n<\/div><\/div>\n\n\n<style>.kadence-column14_9c8771-dd > .kt-inside-inner-col,.kadence-column14_9c8771-dd > .kt-inside-inner-col:before{border-top-left-radius:0px;border-top-right-radius:0px;border-bottom-right-radius:0px;border-bottom-left-radius:0px;}.kadence-column14_9c8771-dd > .kt-inside-inner-col{column-gap:var(--global-kb-gap-sm, 1rem);}.kadence-column14_9c8771-dd > .kt-inside-inner-col{flex-direction:column;}.kadence-column14_9c8771-dd > .kt-inside-inner-col > .aligncenter{width:100%;}.kadence-column14_9c8771-dd > .kt-inside-inner-col:before{opacity:0.3;}.kadence-column14_9c8771-dd{position:relative;}@media all and (max-width: 1024px){.kadence-column14_9c8771-dd > .kt-inside-inner-col{flex-direction:column;justify-content:center;}}@media all and (max-width: 767px){.kadence-column14_9c8771-dd > .kt-inside-inner-col{flex-direction:column;justify-content:center;}}<\/style>\n<div class=\"wp-block-kadence-column kadence-column14_9c8771-dd\"><div class=\"kt-inside-inner-col\"><style>.wp-block-kadence-advancedgallery .kb-gallery-type-grid.kb-gallery-id-14_d2cf08-7d{margin:-0.5rem;}.kb-gallery-type-grid.kb-gallery-id-14_d2cf08-7d .kadence-blocks-gallery-item{padding:0.5rem;}.kb-gallery-id-14_d2cf08-7d .kadence-blocks-gallery-item .kb-gal-image-radius, .kb-gallery-id-14_d2cf08-7d .kb-slide-item .kb-gal-image-radius img{border-radius:0px 0px 0px 0px;;}<\/style><div class=\"kb-gallery-wrap-id-14_d2cf08-7d alignnone wp-block-kadence-advancedgallery\"><ul class=\"kb-gallery-ul kb-gallery-non-static kb-gallery-type-grid kb-gallery-id-14_d2cf08-7d kb-gallery-caption-style-bottom-hover kb-gallery-filter-none\" data-image-filter=\"none\" data-item-selector=\".kadence-blocks-gallery-item\" data-lightbox-caption=\"true\" data-columns-xxl=\"2\" data-columns-xl=\"2\" data-columns-md=\"2\" data-columns-sm=\"2\" data-columns-xs=\"1\" data-columns-ss=\"1\"><li class=\"kadence-blocks-gallery-item\" tabindex=\"0\"><div class=\"kadence-blocks-gallery-item-inner\"><figure class=\"kb-gallery-figure kadence-blocks-gallery-item-hide-caption\"><div class=\"kb-gal-image-radius\"><div class=\"kb-gallery-image-contain kadence-blocks-gallery-intrinsic kb-gallery-image-ratio-land32 kb-has-image-ratio-land32\" ><img loading=\"lazy\" decoding=\"async\" src=\"https:\/\/geocenter.fi\/wp-content\/uploads\/2026\/02\/IMG_20201008_101722.jpg\" width=\"640\" height=\"480\" alt=\"\" data-full-image=\"https:\/\/geocenter.fi\/wp-content\/uploads\/2026\/02\/IMG_20201008_101722.jpg\" data-light-image=\"https:\/\/geocenter.fi\/wp-content\/uploads\/2026\/02\/IMG_20201008_101722.jpg\" data-id=\"183\" class=\"wp-image-183\" srcset=\"https:\/\/geocenter.fi\/wp-content\/uploads\/2026\/02\/IMG_20201008_101722.jpg 640w, https:\/\/geocenter.fi\/wp-content\/uploads\/2026\/02\/IMG_20201008_101722-300x225.jpg 300w\" sizes=\"auto, (max-width: 640px) 100vw, 640px\" \/><\/div><\/div><\/figure><\/div><\/li><li class=\"kadence-blocks-gallery-item\" tabindex=\"0\"><div class=\"kadence-blocks-gallery-item-inner\"><figure class=\"kb-gallery-figure kadence-blocks-gallery-item-hide-caption\"><div class=\"kb-gal-image-radius\"><div class=\"kb-gallery-image-contain kadence-blocks-gallery-intrinsic kb-gallery-image-ratio-land32 kb-has-image-ratio-land32\" ><img loading=\"lazy\" decoding=\"async\" src=\"https:\/\/geocenter.fi\/wp-content\/uploads\/2026\/02\/drone_ricopter_600.png\" width=\"600\" height=\"692\" alt=\"\" data-full-image=\"https:\/\/geocenter.fi\/wp-content\/uploads\/2026\/02\/drone_ricopter_600.png\" data-light-image=\"https:\/\/geocenter.fi\/wp-content\/uploads\/2026\/02\/drone_ricopter_600.png\" data-id=\"184\" class=\"wp-image-184\" srcset=\"https:\/\/geocenter.fi\/wp-content\/uploads\/2026\/02\/drone_ricopter_600.png 600w, https:\/\/geocenter.fi\/wp-content\/uploads\/2026\/02\/drone_ricopter_600-260x300.png 260w\" sizes=\"auto, (max-width: 600px) 100vw, 600px\" \/><\/div><\/div><\/figure><\/div><\/li><li class=\"kadence-blocks-gallery-item\" tabindex=\"0\"><div class=\"kadence-blocks-gallery-item-inner\"><figure class=\"kb-gallery-figure kadence-blocks-gallery-item-hide-caption\"><div class=\"kb-gal-image-radius\"><div class=\"kb-gallery-image-contain kadence-blocks-gallery-intrinsic kb-gallery-image-ratio-land32 kb-has-image-ratio-land32\" ><img loading=\"lazy\" decoding=\"async\" src=\"https:\/\/geocenter.fi\/wp-content\/uploads\/2026\/02\/IMG_20180923_153729.jpg\" width=\"640\" height=\"480\" alt=\"\" data-full-image=\"https:\/\/geocenter.fi\/wp-content\/uploads\/2026\/02\/IMG_20180923_153729.jpg\" data-light-image=\"https:\/\/geocenter.fi\/wp-content\/uploads\/2026\/02\/IMG_20180923_153729.jpg\" data-id=\"185\" class=\"wp-image-185\" srcset=\"https:\/\/geocenter.fi\/wp-content\/uploads\/2026\/02\/IMG_20180923_153729.jpg 640w, https:\/\/geocenter.fi\/wp-content\/uploads\/2026\/02\/IMG_20180923_153729-300x225.jpg 300w\" sizes=\"auto, (max-width: 640px) 100vw, 640px\" \/><\/div><\/div><\/figure><\/div><\/li><li class=\"kadence-blocks-gallery-item\" tabindex=\"0\"><div class=\"kadence-blocks-gallery-item-inner\"><figure class=\"kb-gallery-figure kadence-blocks-gallery-item-hide-caption\"><div class=\"kb-gal-image-radius\"><div class=\"kb-gallery-image-contain kadence-blocks-gallery-intrinsic kb-gallery-image-ratio-land32 kb-has-image-ratio-land32\" ><img loading=\"lazy\" decoding=\"async\" src=\"https:\/\/geocenter.fi\/wp-content\/uploads\/2026\/02\/kallioleikkaus.jpg\" width=\"640\" height=\"350\" alt=\"\" data-full-image=\"https:\/\/geocenter.fi\/wp-content\/uploads\/2026\/02\/kallioleikkaus.jpg\" data-light-image=\"https:\/\/geocenter.fi\/wp-content\/uploads\/2026\/02\/kallioleikkaus.jpg\" data-id=\"186\" class=\"wp-image-186\" srcset=\"https:\/\/geocenter.fi\/wp-content\/uploads\/2026\/02\/kallioleikkaus.jpg 640w, https:\/\/geocenter.fi\/wp-content\/uploads\/2026\/02\/kallioleikkaus-300x164.jpg 300w\" sizes=\"auto, (max-width: 640px) 100vw, 640px\" \/><\/div><\/div><\/figure><\/div><\/li><\/ul><\/div><\/div><\/div>\n\n<\/div><\/div>","protected":false},"excerpt":{"rendered":"<p>Nordic geo Center on Geodeettisten mittausj\u00e4rjestelmien maahantuoja ja k\u00e4yt\u00f6n kouluttaja Luonnollisesti koulutamme asiakkaamme my\u00f6s k\u00e4ytt\u00e4m\u00e4\u00e4n myymi\u00e4mme mittausj\u00e4rjestelmi\u00e4 parhaan mahdollisen tuloksen saavuttamiseksi. N\u00e4in hankintasi saa arvoa! Olemme auktorisoitu RIEGL GmbH -p\u00e4\u00e4edustaja. Toimitamme maailman johtavaa laserskannausteknologiaa. Keit\u00e4 me olemme Meilt\u00e4 l\u00f6ytyy pitk\u00e4n linjan maanmittausosaamista, joten voimme auttaa sinua ratkaisemaan mittausongelmasi oikealla laitevalinnalla ja ty\u00f6tavalla. Muista, ett\u00e4 todellisten&#8230;<\/p>","protected":false},"author":1,"featured_media":0,"parent":0,"menu_order":0,"comment_status":"closed","ping_status":"closed","template":"","meta":{"_kad_post_transparent":"","_kad_post_title":"","_kad_post_layout":"","_kad_post_sidebar_id":"","_kad_post_content_style":"","_kad_post_vertical_padding":"","_kad_post_feature":"","_kad_post_feature_position":"","_kad_post_header":false,"_kad_post_footer":false,"_kad_post_classname":"","footnotes":"","_links_to":"","_links_to_target":""},"class_list":["post-14","page","type-page","status-publish","hentry"],"_links":{"self":[{"href":"https:\/\/geocenter.fi\/en\/wp-json\/wp\/v2\/pages\/14","targetHints":{"allow":["GET"]}}],"collection":[{"href":"https:\/\/geocenter.fi\/en\/wp-json\/wp\/v2\/pages"}],"about":[{"href":"https:\/\/geocenter.fi\/en\/wp-json\/wp\/v2\/types\/page"}],"author":[{"embeddable":true,"href":"https:\/\/geocenter.fi\/en\/wp-json\/wp\/v2\/users\/1"}],"replies":[{"embeddable":true,"href":"https:\/\/geocenter.fi\/en\/wp-json\/wp\/v2\/comments?post=14"}],"version-history":[{"count":5,"href":"https:\/\/geocenter.fi\/en\/wp-json\/wp\/v2\/pages\/14\/revisions"}],"predecessor-version":[{"id":189,"href":"https:\/\/geocenter.fi\/en\/wp-json\/wp\/v2\/pages\/14\/revisions\/189"}],"wp:attachment":[{"href":"https:\/\/geocenter.fi\/en\/wp-json\/wp\/v2\/media?parent=14"}],"curies":[{"name":"wp","href":"https:\/\/api.w.org\/{rel}","templated":true}]}}