{"id":136,"date":"2026-02-11T14:07:36","date_gmt":"2026-02-11T12:07:36","guid":{"rendered":"https:\/\/geocenter.fi\/?page_id=136"},"modified":"2026-02-11T14:21:20","modified_gmt":"2026-02-11T12:21:20","slug":"tietosuojaseloste","status":"publish","type":"page","link":"https:\/\/geocenter.fi\/en\/tietosuojaseloste\/","title":{"rendered":"TIETOSUOJASELOSTE"},"content":{"rendered":"\n<p><\/p>\n\n\n\n<h2 class=\"wp-block-heading\">Tietosuojaseloste<\/h2>\n\n\n<style>.wp-block-kadence-advancedheading.kt-adv-heading136_2f8680-69, .wp-block-kadence-advancedheading.kt-adv-heading136_2f8680-69[data-kb-block=\"kb-adv-heading136_2f8680-69\"]{font-style:normal;}.wp-block-kadence-advancedheading.kt-adv-heading136_2f8680-69 mark.kt-highlight, .wp-block-kadence-advancedheading.kt-adv-heading136_2f8680-69[data-kb-block=\"kb-adv-heading136_2f8680-69\"] mark.kt-highlight{font-style:normal;color:#f76a0c;-webkit-box-decoration-break:clone;box-decoration-break:clone;padding-top:0px;padding-right:0px;padding-bottom:0px;padding-left:0px;}.wp-block-kadence-advancedheading.kt-adv-heading136_2f8680-69 img.kb-inline-image, .wp-block-kadence-advancedheading.kt-adv-heading136_2f8680-69[data-kb-block=\"kb-adv-heading136_2f8680-69\"] img.kb-inline-image{width:150px;vertical-align:baseline;}<\/style>\n<p class=\"kt-adv-heading136_2f8680-69 wp-block-kadence-advancedheading\" data-kb-block=\"kb-adv-heading136_2f8680-69\"><strong>1. Rekisterinpit\u00e4j\u00e4<\/strong> Nordic Geo Center Oy, PL299, 00811 Helsinki, Y-tunnus: 1977731-1<br><strong>2. Rekisterin nimi<\/strong> Asiakas- ja yhteydenottorekisteri.<br><strong>3. Henkil\u00f6tietojen k\u00e4sittelyn tarkoitus<\/strong> Tietoja k\u00e4ytet\u00e4\u00e4n ainoastaan yhteydenottopyynt\u00f6ihin vastaamiseen ja asiakassuhteen hoitamiseen. Emme k\u00e4yt\u00e4 tietoja markkinointiin ilman erillist\u00e4 suostumusta.<br><strong>4. Rekisterin tietosis\u00e4lt\u00f6<\/strong> Lomakkeen kautta ker\u00e4tt\u00e4v\u00e4t tiedot: Nimi, s\u00e4hk\u00f6postiosoite ja viestin sis\u00e4lt\u00f6.<br><strong>5. Tietojen luovutus<\/strong> Tietoja ei luovuteta ulkopuolisille, paitsi lain velvoittaessa. K\u00e4yt\u00e4mme roskapostin estoon Cloudflare Turnstile -palvelua.<br><strong>6. Rekister\u00f6idyn oikeudet<\/strong> Sinulla on oikeus pyyt\u00e4\u00e4 omien tietojesi tarkistamista tai poistamista ottamalla yhteytt\u00e4 rekisterinpit\u00e4j\u00e4\u00e4n.<\/p>\n\n\n\n<p><\/p>\n","protected":false},"excerpt":{"rendered":"<p>Tietosuojaseloste 1. Rekisterinpit\u00e4j\u00e4 Nordic Geo Center Oy, PL299, 00811 Helsinki, Y-tunnus: 1977731-12. Rekisterin nimi Asiakas- ja yhteydenottorekisteri.3. Henkil\u00f6tietojen k\u00e4sittelyn tarkoitus Tietoja k\u00e4ytet\u00e4\u00e4n ainoastaan yhteydenottopyynt\u00f6ihin vastaamiseen ja asiakassuhteen hoitamiseen. Emme k\u00e4yt\u00e4 tietoja markkinointiin ilman erillist\u00e4 suostumusta.4. Rekisterin tietosis\u00e4lt\u00f6 Lomakkeen kautta ker\u00e4tt\u00e4v\u00e4t tiedot: Nimi, s\u00e4hk\u00f6postiosoite ja viestin sis\u00e4lt\u00f6.5. Tietojen luovutus Tietoja ei luovuteta ulkopuolisille, paitsi lain velvoittaessa&#8230;.<\/p>","protected":false},"author":1,"featured_media":0,"parent":0,"menu_order":0,"comment_status":"closed","ping_status":"closed","template":"","meta":{"_kad_post_transparent":"","_kad_post_title":"","_kad_post_layout":"","_kad_post_sidebar_id":"","_kad_post_content_style":"","_kad_post_vertical_padding":"","_kad_post_feature":"","_kad_post_feature_position":"","_kad_post_header":false,"_kad_post_footer":false,"_kad_post_classname":"","footnotes":"","_links_to":"","_links_to_target":""},"class_list":["post-136","page","type-page","status-publish","hentry"],"_links":{"self":[{"href":"https:\/\/geocenter.fi\/en\/wp-json\/wp\/v2\/pages\/136","targetHints":{"allow":["GET"]}}],"collection":[{"href":"https:\/\/geocenter.fi\/en\/wp-json\/wp\/v2\/pages"}],"about":[{"href":"https:\/\/geocenter.fi\/en\/wp-json\/wp\/v2\/types\/page"}],"author":[{"embeddable":true,"href":"https:\/\/geocenter.fi\/en\/wp-json\/wp\/v2\/users\/1"}],"replies":[{"embeddable":true,"href":"https:\/\/geocenter.fi\/en\/wp-json\/wp\/v2\/comments?post=136"}],"version-history":[{"count":4,"href":"https:\/\/geocenter.fi\/en\/wp-json\/wp\/v2\/pages\/136\/revisions"}],"predecessor-version":[{"id":150,"href":"https:\/\/geocenter.fi\/en\/wp-json\/wp\/v2\/pages\/136\/revisions\/150"}],"wp:attachment":[{"href":"https:\/\/geocenter.fi\/en\/wp-json\/wp\/v2\/media?parent=136"}],"curies":[{"name":"wp","href":"https:\/\/api.w.org\/{rel}","templated":true}]}}