{"id":519,"date":"2011-01-14T17:02:07","date_gmt":"2011-01-14T17:02:07","guid":{"rendered":"http:\/\/nordicgeocenter.wordpress.com\/?page_id=2"},"modified":"2018-01-22T12:11:40","modified_gmt":"2018-01-22T10:11:40","slug":"about","status":"publish","type":"page","link":"https:\/\/geocenter.fi\/blogi\/about\/","title":{"rendered":"Meist\u00e4"},"content":{"rendered":"<p>Nordic Geo Center Oy on vuonna 2005 perustettu maanmittauslaitteiden maahantuoja ja k\u00e4yt\u00f6n kouluttaja. Olemme erikoistuneet 3D-laserskannereihin eli laserkeilaimiin, joita meill\u00e4 on laaja valikoima sek\u00e4 maa-, ilma- ett\u00e4 mobiililaserskannereiden saralla. Lis\u00e4ksi valikoimissamme on ammattik\u00e4ytt\u00f6\u00f6n soveltuvia kuvauslennokkeja.<\/p>\n<p>T\u00e4t\u00e4 blogia kirjoittavat ja ideoivat Nina Heiska, Hannu Heinonen, Tauno Suominen ja Veli-Pekka Puheloinen.<\/p>\n<p>Ota yhteytt\u00e4: nordic@geocenter.fi, p. 045 650 8585<\/p>\n<p>Sivustomme: http:\/\/www.geocenter.fi.testwww.yritysweb.fi\/NGC<\/p>\n<p><iframe loading=\"lazy\" style=\"border: 0;\" src=\"https:\/\/www.google.com\/maps\/embed?pb=!1m18!1m12!1m3!1d991.8481035255892!2d25.01357979999998!3d60.18576049999999!2m3!1f0!2f0!3f0!3m2!1i1024!2i768!4f13.1!3m3!1m2!1s0x4692094495766825%3A0xde24c6116def579f!2sKy%C3%B6stinkuja+2%2C+00570+Helsinki!5e0!3m2!1sfi!2sfi!4v1417194839005\" width=\"600\" height=\"450\" frameborder=\"0\"><\/iframe><\/p>\n","protected":false},"excerpt":{"rendered":"<p>Nordic Geo Center Oy on vuonna 2005 perustettu maanmittauslaitteiden maahantuoja ja k\u00e4yt\u00f6n kouluttaja. Olemme erikoistuneet 3D-laserskannereihin eli laserkeilaimiin, joita meill\u00e4 on laaja valikoima sek\u00e4 maa-, ilma- ett\u00e4 mobiililaserskannereiden saralla. Lis\u00e4ksi valikoimissamme on ammattik\u00e4ytt\u00f6\u00f6n soveltuvia kuvauslennokkeja. T\u00e4t\u00e4 blogia kirjoittavat ja ideoivat Nina Heiska, Hannu Heinonen, Tauno Suominen ja Veli-Pekka Puheloinen. Ota yhteytt\u00e4: nordic@geocenter.fi, p. 045 650 [&hellip;]<\/p>\n","protected":false},"author":1,"featured_media":0,"parent":0,"menu_order":0,"comment_status":"closed","ping_status":"closed","template":"","meta":{"footnotes":""},"class_list":["post-519","page","type-page","status-publish","hentry"],"_links":{"self":[{"href":"https:\/\/geocenter.fi\/blogi\/wp-json\/wp\/v2\/pages\/519","targetHints":{"allow":["GET"]}}],"collection":[{"href":"https:\/\/geocenter.fi\/blogi\/wp-json\/wp\/v2\/pages"}],"about":[{"href":"https:\/\/geocenter.fi\/blogi\/wp-json\/wp\/v2\/types\/page"}],"author":[{"embeddable":true,"href":"https:\/\/geocenter.fi\/blogi\/wp-json\/wp\/v2\/users\/1"}],"replies":[{"embeddable":true,"href":"https:\/\/geocenter.fi\/blogi\/wp-json\/wp\/v2\/comments?post=519"}],"version-history":[{"count":0,"href":"https:\/\/geocenter.fi\/blogi\/wp-json\/wp\/v2\/pages\/519\/revisions"}],"wp:attachment":[{"href":"https:\/\/geocenter.fi\/blogi\/wp-json\/wp\/v2\/media?parent=519"}],"curies":[{"name":"wp","href":"https:\/\/api.w.org\/{rel}","templated":true}]}}